{"id":3123,"date":"2022-01-30T17:38:14","date_gmt":"2022-01-30T15:38:14","guid":{"rendered":"https:\/\/gregorgomboc.com\/impressum\/"},"modified":"2026-03-08T12:09:59","modified_gmt":"2026-03-08T10:09:59","slug":"fotograf-gregor-gomboc","status":"publish","type":"page","link":"https:\/\/gregorgomboc.com\/sl\/fotograf-gregor-gomboc\/","title":{"rendered":"IMPRESSUM"},"content":{"rendered":"\t\t<div data-elementor-type=\"wp-page\" data-elementor-id=\"3123\" class=\"elementor elementor-3123 elementor-481\" data-elementor-post-type=\"page\">\n\t\t\t\t\t\t<section class=\"elementor-section elementor-top-section elementor-element elementor-element-2398c0c elementor-section-boxed elementor-section-height-default elementor-section-height-default\" data-id=\"2398c0c\" data-element_type=\"section\" data-e-type=\"section\" data-settings=\"{&quot;background_background&quot;:&quot;classic&quot;}\">\n\t\t\t\t\t\t<div class=\"elementor-container elementor-column-gap-default\">\n\t\t\t\t\t<div class=\"elementor-column elementor-col-100 elementor-top-column elementor-element elementor-element-8e0a5b4\" data-id=\"8e0a5b4\" data-element_type=\"column\" data-e-type=\"column\">\n\t\t\t<div class=\"elementor-widget-wrap elementor-element-populated\">\n\t\t\t\t\t\t<div class=\"elementor-element elementor-element-52b70ce elementor-widget elementor-widget-text-editor\" data-id=\"52b70ce\" data-element_type=\"widget\" data-e-type=\"widget\" data-widget_type=\"text-editor.default\">\n\t\t\t\t<div class=\"elementor-widget-container\">\n\t\t\t\t\t\t\t\t\t<h3><span style=\"text-decoration: underline;\">IMPRESSUM<\/span><\/h3><p><strong>Gregor Gomboc s.p.<\/strong><br><strong>Log 253<\/strong><br><strong>2345 Bistrica ob Dravi<\/strong><br><strong>Slovenija<\/strong><\/p><p><strong>Lastnik in direktor: Gregor Gomboc<\/strong><\/p><p><strong>Tel. Nr.: +386 41 793 226<\/strong><\/p><p><strong>Dav\u010dna \u0161t.: 29540992<\/strong><br><strong>Mati\u010dna \u0161t.: 3875199000<\/strong><br><strong>Stvarno pristojno sodi\u0161\u010de: Maribor<\/strong><\/p>\t\t\t\t\t\t\t\t<\/div>\n\t\t\t\t<\/div>\n\t\t\t\t\t<\/div>\n\t\t<\/div>\n\t\t\t\t\t<\/div>\n\t\t<\/section>\n\t\t\t\t<section class=\"elementor-section elementor-top-section elementor-element elementor-element-e6d5a26 elementor-section-boxed elementor-section-height-default elementor-section-height-default\" data-id=\"e6d5a26\" data-element_type=\"section\" data-e-type=\"section\">\n\t\t\t\t\t\t\t<div class=\"elementor-background-overlay\"><\/div>\n\t\t\t\t\t\t\t<div class=\"elementor-container elementor-column-gap-default\">\n\t\t\t\t\t<div class=\"elementor-column elementor-col-100 elementor-top-column elementor-element elementor-element-1772eca\" data-id=\"1772eca\" data-element_type=\"column\" data-e-type=\"column\">\n\t\t\t<div class=\"elementor-widget-wrap elementor-element-populated\">\n\t\t\t\t\t\t<div class=\"elementor-element elementor-element-f2478cc elementor-widget elementor-widget-google_maps\" data-id=\"f2478cc\" data-element_type=\"widget\" data-e-type=\"widget\" data-widget_type=\"google_maps.default\">\n\t\t\t\t<div class=\"elementor-widget-container\">\n\t\t\t\t\t\t\t<div class=\"elementor-custom-embed\">\n\t\t\t<iframe loading=\"lazy\"\n\t\t\t\t\tsrc=\"https:\/\/maps.google.com\/maps?q=gregor%20gomboc%20s.p.&#038;t=m&#038;z=6&#038;output=embed&#038;iwloc=near\"\n\t\t\t\t\ttitle=\"gregor gomboc s.p.\"\n\t\t\t\t\taria-label=\"gregor gomboc s.p.\"\n\t\t\t><\/iframe>\n\t\t<\/div>\n\t\t\t\t\t\t<\/div>\n\t\t\t\t<\/div>\n\t\t\t\t\t<\/div>\n\t\t<\/div>\n\t\t\t\t\t<\/div>\n\t\t<\/section>\n\t\t\t\t<\/div>\n\t\t","protected":false},"excerpt":{"rendered":"<p>IMPRESSUM Gregor Gomboc s.p.Log 2532345 Bistrica ob DraviSlovenija Lastnik in direktor: Gregor Gomboc Tel. Nr.: +386 41 793 226 Dav\u010dna \u0161t.: 29540992Mati\u010dna \u0161t.: 3875199000Stvarno pristojno sodi\u0161\u010de: Maribor<\/p>\n","protected":false},"author":1,"featured_media":2330,"parent":0,"menu_order":0,"comment_status":"closed","ping_status":"closed","template":"","meta":{"footnotes":""},"class_list":["post-3123","page","type-page","status-publish","has-post-thumbnail","hentry"],"yoast_head":"<!-- This site is optimized with the Yoast SEO plugin v27.2 - https:\/\/yoast.com\/product\/yoast-seo-wordpress\/ -->\n<title>Poro\u010dni fotograf Gregor Gomboc - Impressum<\/title>\n<meta name=\"description\" content=\"Poro\u010dni fotograf Gregor Gomboc - Impressum - kontaktni podatki, podjetje in zakonske informacije\" \/>\n<meta name=\"robots\" content=\"index, follow, max-snippet:-1, max-image-preview:large, max-video-preview:-1\" \/>\n<link rel=\"canonical\" href=\"https:\/\/gregorgomboc.com\/sl\/fotograf-gregor-gomboc\/\" \/>\n<meta property=\"og:locale\" content=\"sl_SI\" \/>\n<meta property=\"og:type\" content=\"article\" \/>\n<meta property=\"og:title\" content=\"Poro\u010dni fotograf Gregor Gomboc - Impressum\" \/>\n<meta property=\"og:description\" content=\"Poro\u010dni fotograf Gregor Gomboc - Impressum - kontaktni podatki, podjetje in zakonske informacije\" \/>\n<meta property=\"og:url\" content=\"https:\/\/gregorgomboc.com\/sl\/fotograf-gregor-gomboc\/\" \/>\n<meta property=\"og:site_name\" content=\"Gregor Gomboc\" \/>\n<meta property=\"article:publisher\" content=\"https:\/\/www.instagram.com\/gregor_gomboc\/\" \/>\n<meta property=\"article:modified_time\" content=\"2026-03-08T10:09:59+00:00\" \/>\n<meta property=\"og:image\" content=\"https:\/\/gregorgomboc.com\/wp-content\/uploads\/2022\/02\/1979-Gregor-004-Edit.jpg\" \/>\n\t<meta property=\"og:image:width\" content=\"800\" \/>\n\t<meta property=\"og:image:height\" content=\"554\" \/>\n\t<meta property=\"og:image:type\" content=\"image\/jpeg\" \/>\n<meta name=\"twitter:card\" content=\"summary_large_image\" \/>\n<meta name=\"twitter:label1\" content=\"Est. reading time\" \/>\n\t<meta name=\"twitter:data1\" content=\"1 minuta\" \/>\n<script type=\"application\/ld+json\" class=\"yoast-schema-graph\">{\"@context\":\"https:\/\/schema.org\",\"@graph\":[{\"@type\":\"WebPage\",\"@id\":\"https:\/\/gregorgomboc.com\/sl\/fotograf-gregor-gomboc\/\",\"url\":\"https:\/\/gregorgomboc.com\/sl\/fotograf-gregor-gomboc\/\",\"name\":\"Poro\u010dni fotograf Gregor Gomboc - Impressum\",\"isPartOf\":{\"@id\":\"https:\/\/gregorgomboc.com\/sl\/#website\"},\"primaryImageOfPage\":{\"@id\":\"https:\/\/gregorgomboc.com\/sl\/fotograf-gregor-gomboc\/#primaryimage\"},\"image\":{\"@id\":\"https:\/\/gregorgomboc.com\/sl\/fotograf-gregor-gomboc\/#primaryimage\"},\"thumbnailUrl\":\"https:\/\/gregorgomboc.com\/wp-content\/uploads\/2022\/02\/1979-Gregor-004-Edit.jpg\",\"datePublished\":\"2022-01-30T15:38:14+00:00\",\"dateModified\":\"2026-03-08T10:09:59+00:00\",\"description\":\"Poro\u010dni fotograf Gregor Gomboc - Impressum - kontaktni podatki, podjetje in zakonske informacije\",\"breadcrumb\":{\"@id\":\"https:\/\/gregorgomboc.com\/sl\/fotograf-gregor-gomboc\/#breadcrumb\"},\"inLanguage\":\"sl-SI\",\"potentialAction\":[{\"@type\":\"ReadAction\",\"target\":[\"https:\/\/gregorgomboc.com\/sl\/fotograf-gregor-gomboc\/\"]}]},{\"@type\":\"ImageObject\",\"inLanguage\":\"sl-SI\",\"@id\":\"https:\/\/gregorgomboc.com\/sl\/fotograf-gregor-gomboc\/#primaryimage\",\"url\":\"https:\/\/gregorgomboc.com\/wp-content\/uploads\/2022\/02\/1979-Gregor-004-Edit.jpg\",\"contentUrl\":\"https:\/\/gregorgomboc.com\/wp-content\/uploads\/2022\/02\/1979-Gregor-004-Edit.jpg\",\"width\":800,\"height\":554,\"caption\":\"Gregor Gomboc v svojem otro\u0161tvu - ko je smel \u0161e brezskrbno vrtati po nosu.\"},{\"@type\":\"BreadcrumbList\",\"@id\":\"https:\/\/gregorgomboc.com\/sl\/fotograf-gregor-gomboc\/#breadcrumb\",\"itemListElement\":[{\"@type\":\"ListItem\",\"position\":1,\"name\":\"Start\",\"item\":\"https:\/\/gregorgomboc.com\/sl\/\"},{\"@type\":\"ListItem\",\"position\":2,\"name\":\"IMPRESSUM\"}]},{\"@type\":\"WebSite\",\"@id\":\"https:\/\/gregorgomboc.com\/sl\/#website\",\"url\":\"https:\/\/gregorgomboc.com\/sl\/\",\"name\":\"Gregor Gomboc, Fotograf\",\"description\":\"Hochzeitsfotograf\",\"publisher\":{\"@id\":\"https:\/\/gregorgomboc.com\/sl\/#organization\"},\"potentialAction\":[{\"@type\":\"SearchAction\",\"target\":{\"@type\":\"EntryPoint\",\"urlTemplate\":\"https:\/\/gregorgomboc.com\/sl\/?s={search_term_string}\"},\"query-input\":{\"@type\":\"PropertyValueSpecification\",\"valueRequired\":true,\"valueName\":\"search_term_string\"}}],\"inLanguage\":\"sl-SI\"},{\"@type\":\"Organization\",\"@id\":\"https:\/\/gregorgomboc.com\/sl\/#organization\",\"name\":\"Gregor Gomboc s.p.\",\"url\":\"https:\/\/gregorgomboc.com\/sl\/\",\"logo\":{\"@type\":\"ImageObject\",\"inLanguage\":\"sl-SI\",\"@id\":\"https:\/\/gregorgomboc.com\/sl\/#\/schema\/logo\/image\/\",\"url\":\"https:\/\/gregorgomboc.com\/wp-content\/uploads\/2026\/01\/Gregor-Gomboc-logo-krog.png\",\"contentUrl\":\"https:\/\/gregorgomboc.com\/wp-content\/uploads\/2026\/01\/Gregor-Gomboc-logo-krog.png\",\"width\":471,\"height\":464,\"caption\":\"Gregor Gomboc s.p.\"},\"image\":{\"@id\":\"https:\/\/gregorgomboc.com\/sl\/#\/schema\/logo\/image\/\"},\"sameAs\":[\"https:\/\/www.instagram.com\/gregor_gomboc\/\"]}]}<\/script>\n<!-- \/ Yoast SEO plugin. -->","yoast_head_json":{"title":"Poro\u010dni fotograf Gregor Gomboc - Impressum","description":"Poro\u010dni fotograf Gregor Gomboc - Impressum - kontaktni podatki, podjetje in zakonske informacije","robots":{"index":"index","follow":"follow","max-snippet":"max-snippet:-1","max-image-preview":"max-image-preview:large","max-video-preview":"max-video-preview:-1"},"canonical":"https:\/\/gregorgomboc.com\/sl\/fotograf-gregor-gomboc\/","og_locale":"sl_SI","og_type":"article","og_title":"Poro\u010dni fotograf Gregor Gomboc - Impressum","og_description":"Poro\u010dni fotograf Gregor Gomboc - Impressum - kontaktni podatki, podjetje in zakonske informacije","og_url":"https:\/\/gregorgomboc.com\/sl\/fotograf-gregor-gomboc\/","og_site_name":"Gregor Gomboc","article_publisher":"https:\/\/www.instagram.com\/gregor_gomboc\/","article_modified_time":"2026-03-08T10:09:59+00:00","og_image":[{"width":800,"height":554,"url":"https:\/\/gregorgomboc.com\/wp-content\/uploads\/2022\/02\/1979-Gregor-004-Edit.jpg","type":"image\/jpeg"}],"twitter_card":"summary_large_image","twitter_misc":{"Est. reading time":"1 minuta"},"schema":{"@context":"https:\/\/schema.org","@graph":[{"@type":"WebPage","@id":"https:\/\/gregorgomboc.com\/sl\/fotograf-gregor-gomboc\/","url":"https:\/\/gregorgomboc.com\/sl\/fotograf-gregor-gomboc\/","name":"Poro\u010dni fotograf Gregor Gomboc - Impressum","isPartOf":{"@id":"https:\/\/gregorgomboc.com\/sl\/#website"},"primaryImageOfPage":{"@id":"https:\/\/gregorgomboc.com\/sl\/fotograf-gregor-gomboc\/#primaryimage"},"image":{"@id":"https:\/\/gregorgomboc.com\/sl\/fotograf-gregor-gomboc\/#primaryimage"},"thumbnailUrl":"https:\/\/gregorgomboc.com\/wp-content\/uploads\/2022\/02\/1979-Gregor-004-Edit.jpg","datePublished":"2022-01-30T15:38:14+00:00","dateModified":"2026-03-08T10:09:59+00:00","description":"Poro\u010dni fotograf Gregor Gomboc - Impressum - kontaktni podatki, podjetje in zakonske informacije","breadcrumb":{"@id":"https:\/\/gregorgomboc.com\/sl\/fotograf-gregor-gomboc\/#breadcrumb"},"inLanguage":"sl-SI","potentialAction":[{"@type":"ReadAction","target":["https:\/\/gregorgomboc.com\/sl\/fotograf-gregor-gomboc\/"]}]},{"@type":"ImageObject","inLanguage":"sl-SI","@id":"https:\/\/gregorgomboc.com\/sl\/fotograf-gregor-gomboc\/#primaryimage","url":"https:\/\/gregorgomboc.com\/wp-content\/uploads\/2022\/02\/1979-Gregor-004-Edit.jpg","contentUrl":"https:\/\/gregorgomboc.com\/wp-content\/uploads\/2022\/02\/1979-Gregor-004-Edit.jpg","width":800,"height":554,"caption":"Gregor Gomboc v svojem otro\u0161tvu - ko je smel \u0161e brezskrbno vrtati po nosu."},{"@type":"BreadcrumbList","@id":"https:\/\/gregorgomboc.com\/sl\/fotograf-gregor-gomboc\/#breadcrumb","itemListElement":[{"@type":"ListItem","position":1,"name":"Start","item":"https:\/\/gregorgomboc.com\/sl\/"},{"@type":"ListItem","position":2,"name":"IMPRESSUM"}]},{"@type":"WebSite","@id":"https:\/\/gregorgomboc.com\/sl\/#website","url":"https:\/\/gregorgomboc.com\/sl\/","name":"Gregor Gomboc, Fotograf","description":"Hochzeitsfotograf","publisher":{"@id":"https:\/\/gregorgomboc.com\/sl\/#organization"},"potentialAction":[{"@type":"SearchAction","target":{"@type":"EntryPoint","urlTemplate":"https:\/\/gregorgomboc.com\/sl\/?s={search_term_string}"},"query-input":{"@type":"PropertyValueSpecification","valueRequired":true,"valueName":"search_term_string"}}],"inLanguage":"sl-SI"},{"@type":"Organization","@id":"https:\/\/gregorgomboc.com\/sl\/#organization","name":"Gregor Gomboc s.p.","url":"https:\/\/gregorgomboc.com\/sl\/","logo":{"@type":"ImageObject","inLanguage":"sl-SI","@id":"https:\/\/gregorgomboc.com\/sl\/#\/schema\/logo\/image\/","url":"https:\/\/gregorgomboc.com\/wp-content\/uploads\/2026\/01\/Gregor-Gomboc-logo-krog.png","contentUrl":"https:\/\/gregorgomboc.com\/wp-content\/uploads\/2026\/01\/Gregor-Gomboc-logo-krog.png","width":471,"height":464,"caption":"Gregor Gomboc s.p."},"image":{"@id":"https:\/\/gregorgomboc.com\/sl\/#\/schema\/logo\/image\/"},"sameAs":["https:\/\/www.instagram.com\/gregor_gomboc\/"]}]}},"_links":{"self":[{"href":"https:\/\/gregorgomboc.com\/sl\/wp-json\/wp\/v2\/pages\/3123","targetHints":{"allow":["GET"]}}],"collection":[{"href":"https:\/\/gregorgomboc.com\/sl\/wp-json\/wp\/v2\/pages"}],"about":[{"href":"https:\/\/gregorgomboc.com\/sl\/wp-json\/wp\/v2\/types\/page"}],"author":[{"embeddable":true,"href":"https:\/\/gregorgomboc.com\/sl\/wp-json\/wp\/v2\/users\/1"}],"replies":[{"embeddable":true,"href":"https:\/\/gregorgomboc.com\/sl\/wp-json\/wp\/v2\/comments?post=3123"}],"version-history":[{"count":3,"href":"https:\/\/gregorgomboc.com\/sl\/wp-json\/wp\/v2\/pages\/3123\/revisions"}],"predecessor-version":[{"id":3126,"href":"https:\/\/gregorgomboc.com\/sl\/wp-json\/wp\/v2\/pages\/3123\/revisions\/3126"}],"wp:featuredmedia":[{"embeddable":true,"href":"https:\/\/gregorgomboc.com\/sl\/wp-json\/wp\/v2\/media\/2330"}],"wp:attachment":[{"href":"https:\/\/gregorgomboc.com\/sl\/wp-json\/wp\/v2\/media?parent=3123"}],"curies":[{"name":"wp","href":"https:\/\/api.w.org\/{rel}","templated":true}]}}