{"id":7082,"date":"2024-11-07T00:47:20","date_gmt":"2024-11-06T22:47:20","guid":{"rendered":"https:\/\/gregorgomboc.com\/splosni-pogoji-poslovanja\/"},"modified":"2026-03-08T14:53:23","modified_gmt":"2026-03-08T12:53:23","slug":"splosni-pogoji-poslovanja","status":"publish","type":"page","link":"https:\/\/gregorgomboc.com\/sl\/splosni-pogoji-poslovanja\/","title":{"rendered":"Splo\u0161ni pogoji poslovanja"},"content":{"rendered":"\t\t<div data-elementor-type=\"wp-page\" data-elementor-id=\"7082\" class=\"elementor elementor-7082 elementor-5175\" data-elementor-post-type=\"page\">\n\t\t\t\t\t\t<section class=\"elementor-section elementor-top-section elementor-element elementor-element-1de131b elementor-section-boxed elementor-section-height-default elementor-section-height-default\" data-id=\"1de131b\" data-element_type=\"section\" data-e-type=\"section\" data-settings=\"{&quot;background_background&quot;:&quot;classic&quot;}\">\n\t\t\t\t\t\t<div class=\"elementor-container elementor-column-gap-default\">\n\t\t\t\t\t<div class=\"elementor-column elementor-col-100 elementor-top-column elementor-element elementor-element-d8f7120\" data-id=\"d8f7120\" data-element_type=\"column\" data-e-type=\"column\">\n\t\t\t<div class=\"elementor-widget-wrap elementor-element-populated\">\n\t\t\t\t\t\t<div class=\"elementor-element elementor-element-53917fb elementor-widget elementor-widget-heading\" data-id=\"53917fb\" data-element_type=\"widget\" data-e-type=\"widget\" data-widget_type=\"heading.default\">\n\t\t\t\t<div class=\"elementor-widget-container\">\n\t\t\t\t\t<h2 class=\"elementor-heading-title elementor-size-default\">Splo\u0161ni pogoji poslovanja (SPP)<\/h2>\t\t\t\t<\/div>\n\t\t\t\t<\/div>\n\t\t\t\t<div class=\"elementor-element elementor-element-c07c092 elementor-widget elementor-widget-text-editor\" data-id=\"c07c092\" data-element_type=\"widget\" data-e-type=\"widget\" data-widget_type=\"text-editor.default\">\n\t\t\t\t<div class=\"elementor-widget-container\">\n\t\t\t\t\t\t\t\t\t<p>Na tej strani najdete Splo\u0161ne pogoje poslovanja (SPP) za poro\u010dno fotografijo. Ti pregledno in jasno pojasnjujejo vse pomembne dolo\u010dbe glede rezervacije, obsega storitev, pla\u010dil ter pravic uporabe fotografij.<br>Priporo\u010dljivo je, da SPP pred rezervacijo skrbno preberete, saj boste tako natan\u010dno vedeli, kako poteka va\u0161a poro\u010dna fotografska reporta\u017ea in kateri dogovori veljajo za obe strani. Na ta na\u010din \u017ee na za\u010detku zagotovimo jasnost in varnost za va\u0161e posebne trenutke.   <strong><br><\/strong><\/p><p><strong> <\/strong><\/p><p><strong>Splo\u0161ni pogoji poslovanja (SPP) za fotografske storitve<\/strong><\/p><p>1. Podro\u010dje veljavnosti in predmet pogodbe<br>1.1. Ti splo\u0161ni pogoji poslovanja (SPP) veljajo za vse dogovore, sklenjene med fotografom in naro\u010dnikom, ki se nana\u0161ajo na fotografske storitve ter z njimi povezane storitve, vklju\u010dno z dobavo slikovnega gradiva v digitalni in\/ali tiskani obliki.<br>1.2. Naro\u010dnik s potrditvijo naro\u010dila oziroma z anga\u017eiranjem fotografa potrjuje, da sprejema te splo\u0161ne pogoje poslovanja. Morebitna odstopanja od teh pogojev morajo biti dogovorjena v pisni obliki.   <\/p><p>2. Opis storitev in obseg dogovora<br>2.1. Natan\u010den obseg storitev se dolo\u010di v pisni ponudbi oziroma pogodbi.<br>2.2. Posebne \u017eelje naro\u010dnika, ki odstopajo od dogovorjenega obsega storitev, je treba s fotografom uskladiti pred fotografiranjem in lahko povzro\u010dijo dodatne stro\u0161ke.<br>2.3. Fotograf je upravi\u010den, da po lastni strokovni presoji uporablja ustrezna tehni\u010dna sredstva in delovne pripomo\u010dke, da zagotovi najbolj\u0161o mo\u017eno kakovost storitve.   <\/p><p>3. Cena, pla\u010dilni pogoji in odpoved<br>3.1. Cena se dolo\u010di v pogodbi oziroma dogovoru in vklju\u010duje vse dogovorjene storitve.<br>3.2. Morebitni dodatni stro\u0161ki se obra\u010dunajo posebej oziroma so navedeni v ceniku.<br>3.3. \u010ce je dogovorjeno predpla\u010dilo, ga mora naro\u010dnik poravnati v vi\u0161ini, dolo\u010deni v pogodbi, ob sklenitvi dogovora.<br>3.4. Celoten znesek mora biti poravnan pred oziroma najpozneje ob predaji digitalnih datotek. \u010ce pla\u010dilo ni izvedeno pravo\u010dasno, si fotograf pridr\u017euje pravico, da predajo datotek zadr\u017ei, dokler celoten znesek ni poravnan.<br>3.5. V primeru odpovedi pogodbe s strani naro\u010dnika se predpla\u010dilo ne vra\u010da in ga ni mogo\u010de uporabiti za druge storitve ali izdelke fotografa.<br>3.6. \u010ce mora fotograf zaradi bolezni, vi\u0161je sile ali tehni\u010dnih te\u017eav odpovedati izvedbo naro\u010dila, se naro\u010dniku vrne predpla\u010dilo, zmanj\u0161ano za vrednost \u017ee opravljenih storitev.       <\/p><p>4. Avtorske pravice in pravice uporabe<br>4.1. Avtorske pravice na fotografijah v celoti in neomejeno pripadajo fotografu.<br>4.2. Naro\u010dnik pridobi pravico do uporabe fotografij izklju\u010dno za zasebne namene, razen \u010de je bila komercialna uporaba posebej pisno dogovorjena in ustrezno pla\u010dana.<br>4.3. Vsako posredovanje fotografij tretjim osebam (npr. drugim ponudnikom storitev ali podjetjem) je dovoljeno le s predhodnim pisnim soglasjem fotografa.<br>4.4. Nekomercialna objava fotografij na dru\u017ebenih omre\u017ejih s strani naro\u010dnika je dovoljena.<br>4.5. \u010ce naro\u010dnik prejete fotografije posreduje tretjim osebam in te fotografije brez pisnega soglasja fotografa uporabijo za komercialne namene, kot so lastna promocija ali marketin\u0161ke aktivnosti, za tak\u0161no uporabo odgovarja naro\u010dnik. Fotograf ima v tem primeru pravico naro\u010dniku zara\u010dunati uporabo fotografij. Vi\u0161ina stro\u0161kov se dolo\u010di glede na obseg in vrsto nepoobla\u0161\u010dene uporabe.<br>4.6. Objavljenih fotografij naro\u010dnik ali tretje osebe ne smejo na noben na\u010din spreminjati, obdelovati ali popa\u010diti. Kakr\u0161nekoli spremembe, kot so dodajanje filtrov, obrezovanje ali odstranjevanje elementov slike, so brez izrecnega pisnega soglasja fotografa prepovedane. Naro\u010dnik se zavezuje, da bo fotografije objavljal izklju\u010dno v izvirni obliki.<br>4.7. Fotograf si pridr\u017euje pravico, da za za\u0161\u010dito svojih avtorskih in uporabni\u0161kih pravic spro\u017ei ustrezne pravne postopke.          <\/p><p>5. Odgovornost in jamstvo<br>5.1. Fotograf odgovarja le za \u0161kodo, ki je povzro\u010dena namenoma ali zaradi hude malomarnosti.<br>5.2. Fotograf si prizadeva zagotoviti visoko kakovost fotografij z uporabo profesionalne opreme in skrbno naknadno obdelavo. Naro\u010dnik se zaveda in sprejema, da so lahko odstopanja v kakovosti slike ali barvni zvestobi pogojena s tehni\u010dnimi ali situacijskimi okoli\u0161\u010dinami (okolje, koli\u010dina in kakovost razpolo\u017eljive svetlobe ipd.) ter se zato ne \u0161tejejo za napake v pravnem smislu.<br>5.3. Fotograf ne odgovarja za izgubo fotografij, ki nastane zaradi nepredvidljivih tehni\u010dnih napak, okvar uporabljene opreme ali njene odtujitve.<br>5.4. Fotograf sprejme vse potrebne previdnostne ukrepe za zagotavljanje visoke kakovosti in varnosti fotografij.     <\/p><p>6. Sprejem fotografskega sloga<br>6.1. Naro\u010dnik priznava in sprejema individualni slog fotografa ter ga anga\u017eira z zavedanjem, da bodo fotografske storitve izvedene v zna\u010dilnem slogu fotografa.<br>6.2. Naro\u010dnik nima pravice zahtevati sprememb fotografskega sloga, na\u010dina obdelave fotografij ali kreativne usmeritve.  <\/p><p>7. Izklju\u010ditev odgovornosti glede fotografiranja oseb in trenutkov<br>7.1. Zaradi dinami\u010dne narave dogodka ter omejenih mo\u017enosti vplivanja na potek dogajanja, fotograf ne more jam\u010diti, da bodo na nastalih fotografijah zajete vse prisotne osebe ali da bodo zabele\u017eeni vsi mo\u017eni trenutki in perspektive.<br>7.2. \u010ce naro\u010dnik izrecno \u017eeli dolo\u010dene posnetke ali motive, mora o tem fotografa pravo\u010dasno in nedvoumno obvestiti. Fotograf bo preveril mo\u017enosti izvedbe ter naro\u010dniku sporo\u010dil, ali je tak\u0161ne \u017eelje mogo\u010de uresni\u010diti.   <\/p><p>8. \u0160tevilo predanih fotografij<br>8.1. Natan\u010dnega \u0161tevila fotografij, ki bodo predane naro\u010dniku, ni mogo\u010de vnaprej dolo\u010diti, saj je to odvisno od trajanja fotografskega spremljanja ter od dinamike in poteka posameznega fotografiranja.<br>8.2. \u010ce naro\u010dnik \u017eeli vnaprej dolo\u010deno oziroma fiksno \u0161tevilo fotografij, mora biti to izrecno in pisno dogovorjeno.  <\/p><p>9. Pravica do vpogleda in\/ali izro\u010ditve vseh fotografij<br>9.1. Naro\u010dnik nima pravice do vpogleda ali predaje vseh fotografij, ki so nastale med fotografiranjem.<br>9.2. Fotograf si pridr\u017euje pravico, da izbere kakovostno in umetni\u0161ko najbolj\u0161e fotografije ter le te preda naro\u010dniku.<br>9.3. Neizbrane fotografije, ki ne dosegajo kakovostnih standardov fotografa, se izbri\u0161ejo in naro\u010dnik nanje nima vpogleda.   <\/p><p>10. Tehni\u010dne zahteve in predaja digitalnih fotografij<br>10.1. Fotografije bodo naro\u010dniku predane v formatu JPEG in visoki lo\u010dljivosti.<br>10.2. Vse fotografije, predane naro\u010dniku, bodo digitalno obdelane in optimizirane glede svetlosti, barv, ostrine, kompozicije, kontrasta ipd.<br>10.3. Posebni formati datotek ali dodatna obdelava fotografij morajo biti posebej dogovorjeni in pla\u010dani.<br>10.4. Predaja fotografij poteka digitalno, preko spletne galerije z dostopom prek povezave za prenos.<br>10.5. Naro\u010dnik je dol\u017ean po prejemu digitalnih fotografij preveriti morebitne napake in jih v roku 7 dni pisno sporo\u010diti fotografu. Po poteku tega roka se fotografije \u0161tejejo za sprejete.     <\/p><p>11. Tehni\u010dne in oblikovne zahteve ter predaja poro\u010dnih albumov<br>11.1. Velikost, dimenzije, \u0161tevilo strani in druge zna\u010dilnosti poro\u010dnega albuma se dolo\u010dijo v pogodbi.<br>11.2. Spremembe poro\u010dnega albuma lahko povzro\u010dijo dodatne stro\u0161ke.<br>11.3. Naro\u010dnik priznava, da oblikovanje poro\u010dnega albuma temelji na umetni\u0161kih in ustvarjalnih sposobnostih fotografa.<br>11.4. Fotograf oblikuje poro\u010dni album na podlagi razpolo\u017eljivih fotografij in pri tem ni omejen na \u0161tevilo strani, dolo\u010deno v pogodbi. Dodatne strani je mogo\u010de po potrebi odstraniti ali jih naro\u010diti proti dopla\u010dilu.<br>11.5. Predloga albuma bo naro\u010dniku predstavljena preko spletnega programa na ogled in v odobritev. Naro\u010dnik si lahko predlogo ogleda in izrazi morebitne \u017eelje po spremembah.        11.6. 11.6. Naro\u010dnik lahko izvede do tri brezpla\u010dne revizije albuma. Vsake nadaljnje spremembe, ki presegajo tri revizije, se zara\u010dunajo dodatno, posamezno za vsako revizijo. Znesek, se zara\u010duna pav\u0161alno, ne glede na obseg korekture in je dolo\u010den v vsakokratno veljavnem ceniku.<br>11.7. Poro\u010dni album je mogo\u010de prevzeti osebno v Mariboru ali pa ga dostaviti po po\u0161iljatelju na \u017eeleni naslov. Stro\u0161ke po\u0161iljanja krije naro\u010dnik.<br>11.8. Naro\u010dnik je dol\u017ean ob prejemu poro\u010dnega albuma preveriti morebitne napake ali po\u0161kodbe in jih fotografu takoj pisno sporo\u010diti.    <\/p><p>12. Objave in lastna promocija s strani fotografa<br>12.1. Fotograf sme nastale fotografije uporabljati v samopromocijske namene, razen \u010de je naro\u010dnik temu vnaprej izrecno nasprotoval.<br>12.2. \u010ce naro\u010dnik ne dovoljuje objave fotografij, mora fotografa o tem pisno obvestiti.  <\/p><p>13. Varstvo osebnih podatkov in hramba podatkov<br>13.1. Fotograf se zavezuje, da bo vse podatke naro\u010dnika, pridobljene v okviru opravljanja storitve, obravnaval zaupno in jih uporabljal izklju\u010dno za izpolnitev pogodbe. <\/p><p>14. Kon\u010dne dolo\u010dbe<br>14.1. Spremembe ali dopolnitve teh splo\u0161nih pogojev poslovanja morajo biti v pisni obliki in jih morata sprejeti obe pogodbeni strani.<br>14.2. \u010ce je katera dolo\u010dba teh SPP neveljavna ali postane neveljavna, to ne vpliva na veljavnost preostalih dolo\u010db.<br>14.3. Za te SPP velja pravo Republike Slovenije. Pristojno sodi\u0161\u010de za vse morebitne spore je sede\u017e fotografa.    <\/p>\t\t\t\t\t\t\t\t<\/div>\n\t\t\t\t<\/div>\n\t\t\t\t\t<\/div>\n\t\t<\/div>\n\t\t\t\t\t<\/div>\n\t\t<\/section>\n\t\t\t\t<\/div>\n\t\t","protected":false},"excerpt":{"rendered":"<p>Splo\u0161ni pogoji poslovanja (SPP) Na tej strani najdete Splo\u0161ne pogoje poslovanja (SPP) za poro\u010dno fotografijo. Ti pregledno in jasno pojasnjujejo vse pomembne dolo\u010dbe glede rezervacije, obsega storitev, pla\u010dil ter pravic uporabe fotografij.Priporo\u010dljivo je, da SPP pred rezervacijo skrbno preberete, saj boste tako natan\u010dno vedeli, kako poteka va\u0161a poro\u010dna fotografska reporta\u017ea in kateri dogovori veljajo za [&hellip;]<\/p>\n","protected":false},"author":1,"featured_media":7086,"parent":0,"menu_order":0,"comment_status":"closed","ping_status":"closed","template":"","meta":{"footnotes":""},"class_list":["post-7082","page","type-page","status-publish","has-post-thumbnail","hentry"],"yoast_head":"<!-- This site is optimized with the Yoast SEO plugin v27.2 - https:\/\/yoast.com\/product\/yoast-seo-wordpress\/ -->\n<title>Splo\u0161ni pogoji poslovanja - Gregor Gomboc - Fotograf<\/title>\n<meta name=\"description\" content=\"Splo\u0161ni pogoji poslovanja \u2013 poro\u010dna fotografija (SPP). Jasna in pregledna pravila glede rezervacije, obsega storitev, pla\u010dil in pravic uporabe fotografij.\" \/>\n<meta name=\"robots\" content=\"index, follow, max-snippet:-1, max-image-preview:large, max-video-preview:-1\" \/>\n<link rel=\"canonical\" href=\"https:\/\/gregorgomboc.com\/sl\/splosni-pogoji-poslovanja\/\" \/>\n<meta property=\"og:locale\" content=\"sl_SI\" \/>\n<meta property=\"og:type\" content=\"article\" \/>\n<meta property=\"og:title\" content=\"Splo\u0161ni pogoji poslovanja - Gregor Gomboc - Fotograf\" \/>\n<meta property=\"og:description\" content=\"Splo\u0161ni pogoji poslovanja \u2013 poro\u010dna fotografija (SPP). Jasna in pregledna pravila glede rezervacije, obsega storitev, pla\u010dil in pravic uporabe fotografij.\" \/>\n<meta property=\"og:url\" content=\"https:\/\/gregorgomboc.com\/sl\/splosni-pogoji-poslovanja\/\" \/>\n<meta property=\"og:site_name\" content=\"Gregor Gomboc\" \/>\n<meta property=\"article:publisher\" content=\"https:\/\/www.instagram.com\/gregor_gomboc\/\" \/>\n<meta property=\"article:modified_time\" content=\"2026-03-08T12:53:23+00:00\" \/>\n<meta property=\"og:image\" content=\"https:\/\/gregorgomboc.com\/wp-content\/uploads\/2026\/01\/Gregor-Gomboc-logo-krog.png\" \/>\n\t<meta property=\"og:image:width\" content=\"471\" \/>\n\t<meta property=\"og:image:height\" content=\"464\" \/>\n\t<meta property=\"og:image:type\" content=\"image\/png\" \/>\n<meta name=\"twitter:card\" content=\"summary_large_image\" \/>\n<meta name=\"twitter:label1\" content=\"Est. reading time\" \/>\n\t<meta name=\"twitter:data1\" content=\"8 minut\" \/>\n<script type=\"application\/ld+json\" class=\"yoast-schema-graph\">{\"@context\":\"https:\/\/schema.org\",\"@graph\":[{\"@type\":\"WebPage\",\"@id\":\"https:\/\/gregorgomboc.com\/sl\/splosni-pogoji-poslovanja\/\",\"url\":\"https:\/\/gregorgomboc.com\/sl\/splosni-pogoji-poslovanja\/\",\"name\":\"Splo\u0161ni pogoji poslovanja - Gregor Gomboc - Fotograf\",\"isPartOf\":{\"@id\":\"https:\/\/gregorgomboc.com\/sl\/#website\"},\"primaryImageOfPage\":{\"@id\":\"https:\/\/gregorgomboc.com\/sl\/splosni-pogoji-poslovanja\/#primaryimage\"},\"image\":{\"@id\":\"https:\/\/gregorgomboc.com\/sl\/splosni-pogoji-poslovanja\/#primaryimage\"},\"thumbnailUrl\":\"https:\/\/gregorgomboc.com\/wp-content\/uploads\/2026\/01\/Gregor-Gomboc-logo-krog.png\",\"datePublished\":\"2024-11-06T22:47:20+00:00\",\"dateModified\":\"2026-03-08T12:53:23+00:00\",\"description\":\"Splo\u0161ni pogoji poslovanja \u2013 poro\u010dna fotografija (SPP). Jasna in pregledna pravila glede rezervacije, obsega storitev, pla\u010dil in pravic uporabe fotografij.\",\"breadcrumb\":{\"@id\":\"https:\/\/gregorgomboc.com\/sl\/splosni-pogoji-poslovanja\/#breadcrumb\"},\"inLanguage\":\"sl-SI\",\"potentialAction\":[{\"@type\":\"ReadAction\",\"target\":[\"https:\/\/gregorgomboc.com\/sl\/splosni-pogoji-poslovanja\/\"]}]},{\"@type\":\"ImageObject\",\"inLanguage\":\"sl-SI\",\"@id\":\"https:\/\/gregorgomboc.com\/sl\/splosni-pogoji-poslovanja\/#primaryimage\",\"url\":\"https:\/\/gregorgomboc.com\/wp-content\/uploads\/2026\/01\/Gregor-Gomboc-logo-krog.png\",\"contentUrl\":\"https:\/\/gregorgomboc.com\/wp-content\/uploads\/2026\/01\/Gregor-Gomboc-logo-krog.png\",\"width\":471,\"height\":464,\"caption\":\"logo Gregor Gomboc\"},{\"@type\":\"BreadcrumbList\",\"@id\":\"https:\/\/gregorgomboc.com\/sl\/splosni-pogoji-poslovanja\/#breadcrumb\",\"itemListElement\":[{\"@type\":\"ListItem\",\"position\":1,\"name\":\"Start\",\"item\":\"https:\/\/gregorgomboc.com\/sl\/\"},{\"@type\":\"ListItem\",\"position\":2,\"name\":\"Splo\u0161ni pogoji poslovanja\"}]},{\"@type\":\"WebSite\",\"@id\":\"https:\/\/gregorgomboc.com\/sl\/#website\",\"url\":\"https:\/\/gregorgomboc.com\/sl\/\",\"name\":\"Gregor Gomboc, Fotograf\",\"description\":\"Hochzeitsfotograf\",\"publisher\":{\"@id\":\"https:\/\/gregorgomboc.com\/sl\/#organization\"},\"potentialAction\":[{\"@type\":\"SearchAction\",\"target\":{\"@type\":\"EntryPoint\",\"urlTemplate\":\"https:\/\/gregorgomboc.com\/sl\/?s={search_term_string}\"},\"query-input\":{\"@type\":\"PropertyValueSpecification\",\"valueRequired\":true,\"valueName\":\"search_term_string\"}}],\"inLanguage\":\"sl-SI\"},{\"@type\":\"Organization\",\"@id\":\"https:\/\/gregorgomboc.com\/sl\/#organization\",\"name\":\"Gregor Gomboc s.p.\",\"url\":\"https:\/\/gregorgomboc.com\/sl\/\",\"logo\":{\"@type\":\"ImageObject\",\"inLanguage\":\"sl-SI\",\"@id\":\"https:\/\/gregorgomboc.com\/sl\/#\/schema\/logo\/image\/\",\"url\":\"https:\/\/gregorgomboc.com\/wp-content\/uploads\/2026\/01\/Gregor-Gomboc-logo-krog.png\",\"contentUrl\":\"https:\/\/gregorgomboc.com\/wp-content\/uploads\/2026\/01\/Gregor-Gomboc-logo-krog.png\",\"width\":471,\"height\":464,\"caption\":\"Gregor Gomboc s.p.\"},\"image\":{\"@id\":\"https:\/\/gregorgomboc.com\/sl\/#\/schema\/logo\/image\/\"},\"sameAs\":[\"https:\/\/www.instagram.com\/gregor_gomboc\/\"]}]}<\/script>\n<!-- \/ Yoast SEO plugin. -->","yoast_head_json":{"title":"Splo\u0161ni pogoji poslovanja - Gregor Gomboc - Fotograf","description":"Splo\u0161ni pogoji poslovanja \u2013 poro\u010dna fotografija (SPP). Jasna in pregledna pravila glede rezervacije, obsega storitev, pla\u010dil in pravic uporabe fotografij.","robots":{"index":"index","follow":"follow","max-snippet":"max-snippet:-1","max-image-preview":"max-image-preview:large","max-video-preview":"max-video-preview:-1"},"canonical":"https:\/\/gregorgomboc.com\/sl\/splosni-pogoji-poslovanja\/","og_locale":"sl_SI","og_type":"article","og_title":"Splo\u0161ni pogoji poslovanja - Gregor Gomboc - Fotograf","og_description":"Splo\u0161ni pogoji poslovanja \u2013 poro\u010dna fotografija (SPP). Jasna in pregledna pravila glede rezervacije, obsega storitev, pla\u010dil in pravic uporabe fotografij.","og_url":"https:\/\/gregorgomboc.com\/sl\/splosni-pogoji-poslovanja\/","og_site_name":"Gregor Gomboc","article_publisher":"https:\/\/www.instagram.com\/gregor_gomboc\/","article_modified_time":"2026-03-08T12:53:23+00:00","og_image":[{"width":471,"height":464,"url":"https:\/\/gregorgomboc.com\/wp-content\/uploads\/2026\/01\/Gregor-Gomboc-logo-krog.png","type":"image\/png"}],"twitter_card":"summary_large_image","twitter_misc":{"Est. reading time":"8 minut"},"schema":{"@context":"https:\/\/schema.org","@graph":[{"@type":"WebPage","@id":"https:\/\/gregorgomboc.com\/sl\/splosni-pogoji-poslovanja\/","url":"https:\/\/gregorgomboc.com\/sl\/splosni-pogoji-poslovanja\/","name":"Splo\u0161ni pogoji poslovanja - Gregor Gomboc - Fotograf","isPartOf":{"@id":"https:\/\/gregorgomboc.com\/sl\/#website"},"primaryImageOfPage":{"@id":"https:\/\/gregorgomboc.com\/sl\/splosni-pogoji-poslovanja\/#primaryimage"},"image":{"@id":"https:\/\/gregorgomboc.com\/sl\/splosni-pogoji-poslovanja\/#primaryimage"},"thumbnailUrl":"https:\/\/gregorgomboc.com\/wp-content\/uploads\/2026\/01\/Gregor-Gomboc-logo-krog.png","datePublished":"2024-11-06T22:47:20+00:00","dateModified":"2026-03-08T12:53:23+00:00","description":"Splo\u0161ni pogoji poslovanja \u2013 poro\u010dna fotografija (SPP). Jasna in pregledna pravila glede rezervacije, obsega storitev, pla\u010dil in pravic uporabe fotografij.","breadcrumb":{"@id":"https:\/\/gregorgomboc.com\/sl\/splosni-pogoji-poslovanja\/#breadcrumb"},"inLanguage":"sl-SI","potentialAction":[{"@type":"ReadAction","target":["https:\/\/gregorgomboc.com\/sl\/splosni-pogoji-poslovanja\/"]}]},{"@type":"ImageObject","inLanguage":"sl-SI","@id":"https:\/\/gregorgomboc.com\/sl\/splosni-pogoji-poslovanja\/#primaryimage","url":"https:\/\/gregorgomboc.com\/wp-content\/uploads\/2026\/01\/Gregor-Gomboc-logo-krog.png","contentUrl":"https:\/\/gregorgomboc.com\/wp-content\/uploads\/2026\/01\/Gregor-Gomboc-logo-krog.png","width":471,"height":464,"caption":"logo Gregor Gomboc"},{"@type":"BreadcrumbList","@id":"https:\/\/gregorgomboc.com\/sl\/splosni-pogoji-poslovanja\/#breadcrumb","itemListElement":[{"@type":"ListItem","position":1,"name":"Start","item":"https:\/\/gregorgomboc.com\/sl\/"},{"@type":"ListItem","position":2,"name":"Splo\u0161ni pogoji poslovanja"}]},{"@type":"WebSite","@id":"https:\/\/gregorgomboc.com\/sl\/#website","url":"https:\/\/gregorgomboc.com\/sl\/","name":"Gregor Gomboc, Fotograf","description":"Hochzeitsfotograf","publisher":{"@id":"https:\/\/gregorgomboc.com\/sl\/#organization"},"potentialAction":[{"@type":"SearchAction","target":{"@type":"EntryPoint","urlTemplate":"https:\/\/gregorgomboc.com\/sl\/?s={search_term_string}"},"query-input":{"@type":"PropertyValueSpecification","valueRequired":true,"valueName":"search_term_string"}}],"inLanguage":"sl-SI"},{"@type":"Organization","@id":"https:\/\/gregorgomboc.com\/sl\/#organization","name":"Gregor Gomboc s.p.","url":"https:\/\/gregorgomboc.com\/sl\/","logo":{"@type":"ImageObject","inLanguage":"sl-SI","@id":"https:\/\/gregorgomboc.com\/sl\/#\/schema\/logo\/image\/","url":"https:\/\/gregorgomboc.com\/wp-content\/uploads\/2026\/01\/Gregor-Gomboc-logo-krog.png","contentUrl":"https:\/\/gregorgomboc.com\/wp-content\/uploads\/2026\/01\/Gregor-Gomboc-logo-krog.png","width":471,"height":464,"caption":"Gregor Gomboc s.p."},"image":{"@id":"https:\/\/gregorgomboc.com\/sl\/#\/schema\/logo\/image\/"},"sameAs":["https:\/\/www.instagram.com\/gregor_gomboc\/"]}]}},"_links":{"self":[{"href":"https:\/\/gregorgomboc.com\/sl\/wp-json\/wp\/v2\/pages\/7082","targetHints":{"allow":["GET"]}}],"collection":[{"href":"https:\/\/gregorgomboc.com\/sl\/wp-json\/wp\/v2\/pages"}],"about":[{"href":"https:\/\/gregorgomboc.com\/sl\/wp-json\/wp\/v2\/types\/page"}],"author":[{"embeddable":true,"href":"https:\/\/gregorgomboc.com\/sl\/wp-json\/wp\/v2\/users\/1"}],"replies":[{"embeddable":true,"href":"https:\/\/gregorgomboc.com\/sl\/wp-json\/wp\/v2\/comments?post=7082"}],"version-history":[{"count":2,"href":"https:\/\/gregorgomboc.com\/sl\/wp-json\/wp\/v2\/pages\/7082\/revisions"}],"predecessor-version":[{"id":7092,"href":"https:\/\/gregorgomboc.com\/sl\/wp-json\/wp\/v2\/pages\/7082\/revisions\/7092"}],"wp:featuredmedia":[{"embeddable":true,"href":"https:\/\/gregorgomboc.com\/sl\/wp-json\/wp\/v2\/media\/7086"}],"wp:attachment":[{"href":"https:\/\/gregorgomboc.com\/sl\/wp-json\/wp\/v2\/media?parent=7082"}],"curies":[{"name":"wp","href":"https:\/\/api.w.org\/{rel}","templated":true}]}}